{"id":209,"date":"2023-09-26T11:11:49","date_gmt":"2023-09-26T14:11:49","guid":{"rendered":"https:\/\/mobieatacadista.com.br\/site_mobie\/?post_type=product&#038;p=209"},"modified":"2023-09-26T11:14:13","modified_gmt":"2023-09-26T14:14:13","slug":"conjunto-bitrapezio","status":"publish","type":"product","link":"https:\/\/mobieatacadista.com.br\/site_mobie\/produto\/conjunto-bitrapezio\/","title":{"rendered":"CONJUNTO BITRAP\u00c9ZIO"},"content":{"rendered":"<p>Conjunto Bitrap\u00e9zio<\/p>\n<ul>\n<li>Possibilidade de v\u00e1rias configura\u00e7\u00f5es<\/li>\n<li>Ergon\u00f4mico<\/li>\n<li>Compacto<\/li>\n<li>V\u00e1rias Cores<\/li>\n<\/ul>\n","protected":false},"excerpt":{"rendered":"<p>Conjunto Bitrap\u00e9zio Possibilidade de v\u00e1rias configura\u00e7\u00f5es Ergon\u00f4mico Compacto V\u00e1rias Cores<\/p>\n","protected":false},"featured_media":210,"template":"","meta":{"neve_meta_sidebar":"","neve_meta_container":"","neve_meta_enable_content_width":"off","neve_meta_content_width":100,"neve_meta_title_alignment":"","neve_meta_author_avatar":"","neve_post_elements_order":"","neve_meta_disable_header":"","neve_meta_disable_footer":"","neve_meta_disable_title":""},"product_cat":[17],"product_tag":[],"class_list":{"0":"post-209","1":"product","2":"type-product","3":"status-publish","4":"has-post-thumbnail","6":"product_cat-sem-categoria","8":"first","9":"instock","10":"shipping-taxable","11":"purchasable","12":"product-type-variable"},"_links":{"self":[{"href":"https:\/\/mobieatacadista.com.br\/site_mobie\/wp-json\/wp\/v2\/product\/209","targetHints":{"allow":["GET"]}}],"collection":[{"href":"https:\/\/mobieatacadista.com.br\/site_mobie\/wp-json\/wp\/v2\/product"}],"about":[{"href":"https:\/\/mobieatacadista.com.br\/site_mobie\/wp-json\/wp\/v2\/types\/product"}],"wp:featuredmedia":[{"embeddable":true,"href":"https:\/\/mobieatacadista.com.br\/site_mobie\/wp-json\/wp\/v2\/media\/210"}],"wp:attachment":[{"href":"https:\/\/mobieatacadista.com.br\/site_mobie\/wp-json\/wp\/v2\/media?parent=209"}],"wp:term":[{"taxonomy":"product_cat","embeddable":true,"href":"https:\/\/mobieatacadista.com.br\/site_mobie\/wp-json\/wp\/v2\/product_cat?post=209"},{"taxonomy":"product_tag","embeddable":true,"href":"https:\/\/mobieatacadista.com.br\/site_mobie\/wp-json\/wp\/v2\/product_tag?post=209"}],"curies":[{"name":"wp","href":"https:\/\/api.w.org\/{rel}","templated":true}]}}